{"id":129,"date":"2020-09-15T06:48:29","date_gmt":"2020-09-15T06:48:29","guid":{"rendered":"http:\/\/www.100kinks.com\/index.php\/about\/"},"modified":"2022-06-06T23:34:10","modified_gmt":"2022-06-06T21:34:10","slug":"about","status":"publish","type":"page","link":"https:\/\/www.100kinks.com\/index.php\/about\/","title":{"rendered":"About"},"content":{"rendered":"\n<figure class=\"wp-block-image size-full is-resized\"><img loading=\"lazy\" decoding=\"async\" src=\"http:\/\/www.100kinks.com\/wp-content\/uploads\/2022\/06\/shibari-vignette.jpg\" alt=\"\" class=\"wp-image-157\" width=\"1045\" height=\"784\" srcset=\"https:\/\/www.100kinks.com\/wp-content\/uploads\/2022\/06\/shibari-vignette.jpg 628w, https:\/\/www.100kinks.com\/wp-content\/uploads\/2022\/06\/shibari-vignette-300x225.jpg 300w\" sizes=\"auto, (max-width: 1045px) 100vw, 1045px\" \/><\/figure>\n\n\n\n<hr class=\"wp-block-separator has-alpha-channel-opacity\"\/>\n\n\n\n<div class=\"wp-block-group alignfull has-ast-global-color-4-background-color has-background is-layout-flow wp-block-group-is-layout-flow\"><div class=\"wp-block-group__inner-container\">\n<div class=\"wp-block-columns alignwide is-layout-flex wp-container-core-columns-is-layout-28f84493 wp-block-columns-is-layout-flex\">\n<div class=\"wp-block-column is-layout-flow wp-block-column-is-layout-flow\">\n<h4 class=\"wp-block-heading\">An introduction to Kink<\/h4>\n\n\n\n<p><em><strong>KINK<\/strong> : unconventional sexual taste or behavior,<\/em> according to Merriam-Webster Dictionary.<\/p>\n\n\n\n<p>We are all the product of a pornographic act, yet it is often difficult to be open about our desires, emotions and pleasures. Even in intimate settings. For fear of being judged, of appearing to be perverted or guilty in thoughts.<\/p>\n\n\n\n<p>When exercised within a framework of informed consent, sex is a healthy, fulfilling activity and a tremendous opportunity for personal growth.<\/p>\n\n\n\n<p>Reading about sex, talking about it, watching it, experimenting, all in a safe context, these are the best way to develop a healthier, more enjoyable relationship to sex and ultimately with your partner(s).<\/p>\n\n\n\n<p>This book will be the collective effort of 100 artists from around the world, including countries at war, and one humble writer.<\/p>\n\n\n\n<p>This is an inclusive project and we aim to be as relevant as possible to people of all genders, body types, sexuality and ethnicity.<\/p>\n\n\n\n<p><\/p>\n\n\n\n<p><\/p>\n\n\n\n<p><\/p>\n<\/div>\n\n\n\n<div class=\"wp-block-column is-layout-flow wp-block-column-is-layout-flow\">\n<h4 class=\"wp-block-heading\">Une introduction au Kink<\/h4>\n\n\n\n<p class=\"has-text-align-right\"><em><strong>KINK<\/strong> : go\u00fbt ou comportement sexuel non conventionnel<\/em>, selon le dictionnaire Merriam-Webster.<\/p>\n\n\n\n<p class=\"has-text-align-right\">Nous sommes tous le r\u00e9sultat d\u2019un acte pornographique, mais il est souvent difficile de parler ouvertement de nos d\u00e9sirs, de nos \u00e9motions et de nos plaisirs&#8230; M\u00eame dans un cadre intime. Par peur d\u2019\u00eatre jug\u00e9s, de passer pour pervers ou coupable en pens\u00e9e.<\/p>\n\n\n\n<p class=\"has-text-align-right\">Lorsqu\u2019elle est pratiqu\u00e9e dans le cadre d\u2019un consentement inform\u00e9, la sexualit\u00e9 est une activit\u00e9 saine et \u00e9panouissante et une formidable opportunit\u00e9 de d\u00e9veloppement personnel.<\/p>\n\n\n\n<p class=\"has-text-align-right\">Lire des textes sur la sexualit\u00e9, en parler, la regarder, exp\u00e9rimenter&#8230; le tout dans un contexte sans danger, voil\u00e0 le meilleur moyen de d\u00e9velopper une relation plus saine et plus agr\u00e9able \u00e0 la sexualit\u00e9 et, en fin de compte, avec son ou ses partenaires.<\/p>\n\n\n\n<p class=\"has-text-align-right\">Ce projet de livre est l\u2019effort collectif et sans aucune censure de 100 artistes du monde entier, y compris de pays en guerre, et d\u2019un humble auteur.<\/p>\n\n\n\n<p class=\"has-text-align-right\">Ce projet est inclusif et nous souhaitons faire sens pour tous les genres, types de corps, sexualit\u00e9s et ethnicit\u00e9s.<\/p>\n<\/div>\n\n\n\n<div class=\"wp-block-column is-layout-flow wp-block-column-is-layout-flow\">\n<div class=\"wp-block-group is-layout-flow wp-block-group-is-layout-flow\"><div class=\"wp-block-group__inner-container\">\n<figure class=\"wp-block-image size-large is-resized\"><img loading=\"lazy\" decoding=\"async\" src=\"https:\/\/www.100kinks.com\/wp-content\/uploads\/2022\/06\/98-ocean-of-desires-levon-extrait-255x1024.jpg\" alt=\"\" class=\"wp-image-179\" width=\"216\" height=\"866\" srcset=\"https:\/\/www.100kinks.com\/wp-content\/uploads\/2022\/06\/98-ocean-of-desires-levon-extrait-255x1024.jpg 255w, https:\/\/www.100kinks.com\/wp-content\/uploads\/2022\/06\/98-ocean-of-desires-levon-extrait-75x300.jpg 75w, https:\/\/www.100kinks.com\/wp-content\/uploads\/2022\/06\/98-ocean-of-desires-levon-extrait-510x2048.jpg 510w\" sizes=\"auto, (max-width: 216px) 100vw, 216px\" \/><\/figure>\n<\/div><\/div>\n<\/div>\n<\/div>\n<\/div><\/div>\n\n\n\n<p><\/p>\n\n\n\n<p><\/p>\n","protected":false},"excerpt":{"rendered":"<p>An introduction to Kink KINK : unconventional sexual taste or behavior, according to Merriam-Webster Dictionary. We are all the product of a pornographic act, yet it is often difficult to be open about our desires, emotions and pleasures. Even in intimate settings. For fear of being judged, of appearing to be perverted or guilty in &hellip;<\/p>\n<p class=\"read-more\"> <a class=\"\" href=\"https:\/\/www.100kinks.com\/index.php\/about\/\"> <span class=\"screen-reader-text\">About<\/span> Read More &raquo;<\/a><\/p>\n","protected":false},"author":1,"featured_media":0,"parent":0,"menu_order":0,"comment_status":"closed","ping_status":"closed","template":"","meta":{"site-sidebar-layout":"no-sidebar","site-content-layout":"plain-container","ast-global-header-display":"","ast-main-header-display":"","ast-hfb-above-header-display":"","ast-hfb-below-header-display":"","ast-hfb-mobile-header-display":"","site-post-title":"disabled","ast-breadcrumbs-content":"","ast-featured-img":"disabled","footer-sml-layout":"","theme-transparent-header-meta":"enabled","adv-header-id-meta":"","stick-header-meta":"","header-above-stick-meta":"","header-main-stick-meta":"","header-below-stick-meta":"","footnotes":""},"class_list":["post-129","page","type-page","status-publish","hentry"],"_links":{"self":[{"href":"https:\/\/www.100kinks.com\/index.php\/wp-json\/wp\/v2\/pages\/129","targetHints":{"allow":["GET"]}}],"collection":[{"href":"https:\/\/www.100kinks.com\/index.php\/wp-json\/wp\/v2\/pages"}],"about":[{"href":"https:\/\/www.100kinks.com\/index.php\/wp-json\/wp\/v2\/types\/page"}],"author":[{"embeddable":true,"href":"https:\/\/www.100kinks.com\/index.php\/wp-json\/wp\/v2\/users\/1"}],"replies":[{"embeddable":true,"href":"https:\/\/www.100kinks.com\/index.php\/wp-json\/wp\/v2\/comments?post=129"}],"version-history":[{"count":10,"href":"https:\/\/www.100kinks.com\/index.php\/wp-json\/wp\/v2\/pages\/129\/revisions"}],"predecessor-version":[{"id":181,"href":"https:\/\/www.100kinks.com\/index.php\/wp-json\/wp\/v2\/pages\/129\/revisions\/181"}],"wp:attachment":[{"href":"https:\/\/www.100kinks.com\/index.php\/wp-json\/wp\/v2\/media?parent=129"}],"curies":[{"name":"wp","href":"https:\/\/api.w.org\/{rel}","templated":true}]}}